{"id":11,"date":"2024-05-21T16:32:59","date_gmt":"2024-05-21T16:32:59","guid":{"rendered":"https:\/\/jrodriguez.vccdigitalmedia.ca\/wordpress-workshop\/?page_id=11"},"modified":"2024-05-30T23:44:33","modified_gmt":"2024-05-30T23:44:33","slug":"home","status":"publish","type":"page","link":"https:\/\/jrodriguez.vccdigitalmedia.ca\/wordpress-workshop\/","title":{"rendered":""},"content":{"rendered":"\n<div class=\"wp-block-columns alignwide is-layout-flex wp-container-core-columns-is-layout-1ec2ec05 wp-block-columns-is-layout-flex\" style=\"border-style:none;border-width:0px;border-radius:0px;margin-top:0;margin-bottom:0;padding-top:0;padding-right:0;padding-bottom:0;padding-left:0\">\n<div class=\"wp-block-column is-layout-flow wp-block-column-is-layout-flow\">\n<div class=\"wp-block-columns is-layout-flex wp-container-core-columns-is-layout-28f84493 wp-block-columns-is-layout-flex\">\n<div class=\"wp-block-column is-layout-flow wp-block-column-is-layout-flow\">\n<h2 class=\"wp-block-heading\" style=\"margin-top:0;margin-right:0;margin-bottom:0;margin-left:0;padding-top:0;padding-right:0;padding-bottom:0;padding-left:0;line-height:1.1\">The Best things to do in Vancouver at Night<\/h2>\n<\/div>\n\n\n\n<div class=\"wp-block-column is-layout-flow wp-block-column-is-layout-flow\">\n<p style=\"font-style:normal;font-weight:100\">Vancouver is a city with a vibrant energy even after the sun has set, offering endless activities for you to explore and enjoy during your trip. Here I tell you everything you can do in this destination during the night.<\/p>\n\n\n\n<div class=\"wp-block-buttons is-content-justification-left is-layout-flex wp-container-core-buttons-is-layout-24a44033 wp-block-buttons-is-layout-flex\">\n<div class=\"wp-block-button\"><a class=\"wp-block-button__link has-base-color has-contrast-background-color has-text-color has-background has-link-color wp-element-button\" href=\"https:\/\/jrodriguez.vccdigitalmedia.ca\/wordpress-workshop\/category\/news-and-updates\/\">Latest News \u2192<\/a><\/div>\n<\/div>\n<\/div>\n<\/div>\n<\/div>\n<\/div>\n\n\n\n<figure class=\"wp-block-image alignfull size-large\"><img loading=\"lazy\" decoding=\"async\" width=\"1024\" height=\"373\" src=\"https:\/\/jrodriguez.vccdigitalmedia.ca\/wordpress-workshop\/wp-content\/uploads\/2024\/05\/Hero-Image-1024x373.jpg\" alt=\"\" class=\"wp-image-45\" srcset=\"https:\/\/jrodriguez.vccdigitalmedia.ca\/wordpress-workshop\/wp-content\/uploads\/2024\/05\/Hero-Image-1024x373.jpg 1024w, https:\/\/jrodriguez.vccdigitalmedia.ca\/wordpress-workshop\/wp-content\/uploads\/2024\/05\/Hero-Image-300x109.jpg 300w, https:\/\/jrodriguez.vccdigitalmedia.ca\/wordpress-workshop\/wp-content\/uploads\/2024\/05\/Hero-Image-768x280.jpg 768w, https:\/\/jrodriguez.vccdigitalmedia.ca\/wordpress-workshop\/wp-content\/uploads\/2024\/05\/Hero-Image-1536x560.jpg 1536w, https:\/\/jrodriguez.vccdigitalmedia.ca\/wordpress-workshop\/wp-content\/uploads\/2024\/05\/Hero-Image-2048x747.jpg 2048w\" sizes=\"auto, (max-width: 1024px) 100vw, 1024px\" \/><\/figure>\n\n\n\n<div class=\"wp-block-columns alignfull has-base-color has-contrast-background-color has-text-color has-background has-link-color wp-elements-5bf59c031ffd1332d8a50b3c6fdf2feb is-layout-flex wp-container-core-columns-is-layout-66a672de wp-block-columns-is-layout-flex\" style=\"margin-top:0;margin-bottom:0;padding-top:var(--wp--preset--spacing--30);padding-right:var(--wp--preset--spacing--30);padding-bottom:var(--wp--preset--spacing--30);padding-left:var(--wp--preset--spacing--30)\">\n<div class=\"wp-block-column is-layout-flow wp-block-column-is-layout-flow\">\n<div style=\"height:57px\" aria-hidden=\"true\" class=\"wp-block-spacer\"><\/div>\n\n\n\n<div class=\"wp-block-columns is-layout-flex wp-container-core-columns-is-layout-28f84493 wp-block-columns-is-layout-flex\">\n<div class=\"wp-block-column is-layout-flow wp-block-column-is-layout-flow\" style=\"padding-top:0;padding-right:var(--wp--preset--spacing--70);padding-bottom:0;padding-left:var(--wp--preset--spacing--70)\">\n<h2 class=\"wp-block-heading has-x-large-font-size\" style=\"font-style:normal;font-weight:600\">What to do this week<\/h2>\n<\/div>\n\n\n\n<div class=\"wp-block-column is-layout-flow wp-block-column-is-layout-flow\" style=\"padding-right:var(--wp--preset--spacing--70)\">\n<div class=\"wp-block-buttons is-content-justification-right is-layout-flex wp-container-core-buttons-is-layout-d445cf74 wp-block-buttons-is-layout-flex\">\n<div class=\"wp-block-button has-custom-font-size has-medium-font-size\" style=\"font-style:normal;font-weight:100\"><a class=\"wp-block-button__link has-base-color has-contrast-background-color has-text-color has-background has-link-color has-text-align-right wp-element-button\" href=\"https:\/\/jrodriguez.vccdigitalmedia.ca\/wordpress-workshop\/events\/\" style=\"padding-top:0;padding-bottom:0\">All Events  \u2192<\/a><\/div>\n<\/div>\n<\/div>\n<\/div>\n\n\n\n<div class=\"wp-block-columns is-layout-flex wp-container-core-columns-is-layout-b5a55b56 wp-block-columns-is-layout-flex\" style=\"padding-top:0;padding-right:var(--wp--preset--spacing--70);padding-bottom:0;padding-left:var(--wp--preset--spacing--70)\">\n<div class=\"wp-block-column is-layout-flow wp-block-column-is-layout-flow\">\n<figure class=\"wp-block-image size-large\"><a href=\"https:\/\/jrodriguez.vccdigitalmedia.ca\/wordpress-workshop\/2024\/05\/29\/the-lost-souls-of-gastown\/\"><img loading=\"lazy\" decoding=\"async\" width=\"1024\" height=\"577\" src=\"https:\/\/jrodriguez.vccdigitalmedia.ca\/wordpress-workshop\/wp-content\/uploads\/2024\/05\/Haunted-house-1024x577.jpg\" alt=\"\" class=\"wp-image-48\" srcset=\"https:\/\/jrodriguez.vccdigitalmedia.ca\/wordpress-workshop\/wp-content\/uploads\/2024\/05\/Haunted-house-1024x577.jpg 1024w, https:\/\/jrodriguez.vccdigitalmedia.ca\/wordpress-workshop\/wp-content\/uploads\/2024\/05\/Haunted-house-300x169.jpg 300w, https:\/\/jrodriguez.vccdigitalmedia.ca\/wordpress-workshop\/wp-content\/uploads\/2024\/05\/Haunted-house-768x433.jpg 768w, https:\/\/jrodriguez.vccdigitalmedia.ca\/wordpress-workshop\/wp-content\/uploads\/2024\/05\/Haunted-house.jpg 1065w\" sizes=\"auto, (max-width: 1024px) 100vw, 1024px\" \/><\/a><\/figure>\n\n\n\n<p style=\"text-decoration:none\"><a href=\"https:\/\/jrodriguez.vccdigitalmedia.ca\/wordpress-workshop\/2024\/05\/29\/the-lost-souls-of-gastown\/\" data-type=\"post\" data-id=\"291\">Get your thrill<\/a> on with Gastown\u2019s newest haunted house<\/p>\n<\/div>\n\n\n\n<div class=\"wp-block-column is-layout-flow wp-block-column-is-layout-flow\">\n<figure class=\"wp-block-image size-large\"><a href=\"https:\/\/jrodriguez.vccdigitalmedia.ca\/wordpress-workshop\/2024\/05\/26\/black-blue\/\"><img loading=\"lazy\" decoding=\"async\" width=\"1024\" height=\"577\" src=\"https:\/\/jrodriguez.vccdigitalmedia.ca\/wordpress-workshop\/wp-content\/uploads\/2024\/05\/ladu-cocktail-menu-1024x577.jpg\" alt=\"\" class=\"wp-image-49\" srcset=\"https:\/\/jrodriguez.vccdigitalmedia.ca\/wordpress-workshop\/wp-content\/uploads\/2024\/05\/ladu-cocktail-menu-1024x577.jpg 1024w, https:\/\/jrodriguez.vccdigitalmedia.ca\/wordpress-workshop\/wp-content\/uploads\/2024\/05\/ladu-cocktail-menu-300x169.jpg 300w, https:\/\/jrodriguez.vccdigitalmedia.ca\/wordpress-workshop\/wp-content\/uploads\/2024\/05\/ladu-cocktail-menu-768x433.jpg 768w, https:\/\/jrodriguez.vccdigitalmedia.ca\/wordpress-workshop\/wp-content\/uploads\/2024\/05\/ladu-cocktail-menu.jpg 1065w\" sizes=\"auto, (max-width: 1024px) 100vw, 1024px\" \/><\/a><\/figure>\n\n\n\n<p style=\"text-decoration:none\"><a href=\"https:\/\/jrodriguez.vccdigitalmedia.ca\/wordpress-workshop\/2024\/05\/26\/black-blue\/\" data-type=\"post\" data-id=\"142\">Black &amp; Blue<\/a> destaca en todos los aspectos. Un servicio amable, atento y eficiente, comida de calidad y bien elaborada, relaci\u00f3n calidad-precio correcta.<\/p>\n<\/div>\n<\/div>\n\n\n\n<div class=\"wp-block-columns is-layout-flex wp-container-core-columns-is-layout-b5a55b56 wp-block-columns-is-layout-flex\" style=\"padding-top:0;padding-right:var(--wp--preset--spacing--70);padding-bottom:0;padding-left:var(--wp--preset--spacing--70)\">\n<div class=\"wp-block-column is-layout-flow wp-block-column-is-layout-flow\">\n<p class=\"has-small-font-size\" style=\"font-style:normal;font-weight:100\">September 20, 2022<\/p>\n<\/div>\n\n\n\n<div class=\"wp-block-column is-layout-flow wp-block-column-is-layout-flow\">\n<p class=\"has-small-font-size\" style=\"font-style:normal;font-weight:100\">September 19, 2022<\/p>\n<\/div>\n<\/div>\n<\/div>\n<\/div>\n\n\n\n<hr class=\"wp-block-separator has-text-color has-base-color has-alpha-channel-opacity has-base-background-color has-background is-style-default\" style=\"margin-top:0;margin-bottom:0\"\/>\n\n\n\n<div class=\"wp-block-columns alignfull are-vertically-aligned-center is-layout-flex wp-container-core-columns-is-layout-1ec2ec05 wp-block-columns-is-layout-flex\" style=\"margin-top:0;margin-bottom:0;padding-top:0;padding-right:0;padding-bottom:0;padding-left:0\">\n<div class=\"wp-block-column is-vertically-aligned-center has-base-color has-contrast-background-color has-text-color has-background has-link-color wp-elements-15953b80f21b269d2db934813a179789 is-layout-flow wp-container-core-column-is-layout-dc1f36d8 wp-block-column-is-layout-flow\" style=\"padding-top:0;padding-right:var(--wp--preset--spacing--30);padding-bottom:0;padding-left:var(--wp--preset--spacing--30)\">\n<p><\/p>\n\n\n\n<h2 class=\"wp-block-heading has-x-large-font-size\" style=\"padding-top:0;padding-right:var(--wp--preset--spacing--70);padding-bottom:0;padding-left:var(--wp--preset--spacing--70);font-style:normal;font-weight:600\">Other events<\/h2>\n\n\n\n<div class=\"wp-block-columns is-layout-flex wp-container-core-columns-is-layout-87527e6a wp-block-columns-is-layout-flex\" style=\"padding-right:var(--wp--preset--spacing--70);padding-left:var(--wp--preset--spacing--70)\">\n<div class=\"wp-block-column is-layout-flow wp-block-column-is-layout-flow\" style=\"border-right-color:var(--wp--preset--color--base);border-right-width:1px\">\n<p>The Celebration of <a href=\"https:\/\/jrodriguez.vccdigitalmedia.ca\/wordpress-workshop\/2024\/05\/26\/fireworks-festival\/\" data-type=\"post\" data-id=\"126\">Light Fireworks Festival<\/a> is the longest running offshore fireworks competition in the world.<\/p>\n<\/div>\n\n\n\n<div class=\"wp-block-column is-layout-flow wp-block-column-is-layout-flow\" style=\"border-right-color:var(--wp--preset--color--base);border-right-width:1px\">\n<p><a href=\"https:\/\/jrodriguez.vccdigitalmedia.ca\/wordpress-workshop\/2024\/05\/26\/vancouver-jazz-festival\/\" data-type=\"post\" data-id=\"128\">The story of Coastal Jazz<\/a> is the story of determination, passion, idealism, community, and of course, music.<\/p>\n<\/div>\n\n\n\n<div class=\"wp-block-column is-layout-flow wp-block-column-is-layout-flow\">\n<p><a href=\"https:\/\/jrodriguez.vccdigitalmedia.ca\/wordpress-workshop\/2024\/05\/26\/false-creek-dragon-festival\/\" data-type=\"post\" data-id=\"132\">Concord Pacific Dragon Boat Festival <\/a>will be held at Concord Pacific Place, Creekside Park, and False Creek on Saturday, June 22, and Sunday, June 23.<\/p>\n<\/div>\n<\/div>\n\n\n\n<div class=\"wp-block-columns is-layout-flex wp-container-core-columns-is-layout-8f4d110b wp-block-columns-is-layout-flex\" style=\"margin-top:var(--wp--preset--spacing--30);margin-bottom:var(--wp--preset--spacing--30);padding-top:0;padding-right:var(--wp--preset--spacing--70);padding-bottom:0;padding-left:var(--wp--preset--spacing--70)\">\n<div class=\"wp-block-column is-layout-flow wp-block-column-is-layout-flow\">\n<p class=\"has-small-font-size\" style=\"font-style:normal;font-weight:100\">September 19, 2022<\/p>\n<\/div>\n\n\n\n<div class=\"wp-block-column is-layout-flow wp-block-column-is-layout-flow\">\n<p class=\"has-small-font-size\" style=\"font-style:normal;font-weight:100\">September 12, 2022<\/p>\n<\/div>\n\n\n\n<div class=\"wp-block-column is-layout-flow wp-block-column-is-layout-flow\">\n<p class=\"has-small-font-size\" style=\"font-style:normal;font-weight:100\">September 10, 2022<\/p>\n\n\n\n<div style=\"height:57px\" aria-hidden=\"true\" class=\"wp-block-spacer\"><\/div>\n<\/div>\n<\/div>\n<\/div>\n<\/div>\n\n\n\n<div class=\"wp-block-media-text alignfull is-stacked-on-mobile\" style=\"margin-top:0;margin-right:0;margin-bottom:0;margin-left:0;padding-top:0;padding-right:0;padding-bottom:0;padding-left:0;grid-template-columns:43% auto\"><figure class=\"wp-block-media-text__media\"><img loading=\"lazy\" decoding=\"async\" width=\"300\" height=\"289\" src=\"https:\/\/jrodriguez.vccdigitalmedia.ca\/wordpress-workshop\/wp-content\/uploads\/2024\/05\/millie-new-restaurant-300x289.jpg\" alt=\"\" class=\"wp-image-51 size-medium\" srcset=\"https:\/\/jrodriguez.vccdigitalmedia.ca\/wordpress-workshop\/wp-content\/uploads\/2024\/05\/millie-new-restaurant-300x289.jpg 300w, https:\/\/jrodriguez.vccdigitalmedia.ca\/wordpress-workshop\/wp-content\/uploads\/2024\/05\/millie-new-restaurant-1024x985.jpg 1024w, https:\/\/jrodriguez.vccdigitalmedia.ca\/wordpress-workshop\/wp-content\/uploads\/2024\/05\/millie-new-restaurant-768x739.jpg 768w, https:\/\/jrodriguez.vccdigitalmedia.ca\/wordpress-workshop\/wp-content\/uploads\/2024\/05\/millie-new-restaurant.jpg 1247w\" sizes=\"auto, (max-width: 300px) 100vw, 300px\" \/><\/figure><div class=\"wp-block-media-text__content\">\n<div class=\"wp-block-buttons is-layout-flex wp-block-buttons-is-layout-flex\">\n<div class=\"wp-block-button has-custom-font-size has-small-font-size\" style=\"font-style:normal;font-weight:500\"><a class=\"wp-block-button__link has-luminous-vivid-amber-background-color has-background wp-element-button\" href=\"https:\/\/jrodriguez.vccdigitalmedia.ca\/wordpress-workshop\/category\/food-and-drink\/\" style=\"border-style:none;border-width:0px;border-radius:18px;padding-top:0;padding-right:var(--wp--preset--spacing--30);padding-bottom:0;padding-left:var(--wp--preset--spacing--30)\">New Eats<\/a><\/div>\n<\/div>\n\n\n\n<p style=\"padding-right:80px;font-size:clamp(1.146rem, 1.146rem + ((1vw - 0.2rem) * 1.189), 1.8rem);font-style:normal;font-weight:600;line-height:1.2\">Millie, Gastown\u2019s newest eatery is officially open<\/p>\n\n\n\n<p class=\"has-small-font-size\" style=\"padding-right:60px;font-size:clamp(0.875rem, 0.875rem + ((1vw - 0.2rem) * 0.773), 1.3rem);\">It began with just a saloon founded by the legendary \u2018Gassy\u2019 John Deighton in the 1870s, and today Gastown is a thriving hub of art galleries, historic sites, music venues, bars &amp; cocktail lounges.<\/p>\n\n\n\n<p class=\"has-contrast-color has-text-color has-small-font-size\" style=\"padding-right:var(--wp--preset--spacing--80);font-size:clamp(0.875rem, 0.875rem + ((1vw - 0.2rem) * 0.773), 1.3rem);\"><a href=\"https:\/\/jrodriguez.vccdigitalmedia.ca\/wordpress-workshop\/2024\/05\/29\/millie-gastowns-newest-eatery-is-officially-open\/\" data-type=\"post\" data-id=\"240\">Read More<\/a><\/p>\n<\/div><\/div>\n\n\n\n<div class=\"wp-block-columns alignfull has-tertiary-background-color has-background is-layout-flex wp-container-core-columns-is-layout-43d1892e wp-block-columns-is-layout-flex\" style=\"margin-top:0;margin-bottom:0;padding-top:var(--wp--preset--spacing--30);padding-right:var(--wp--preset--spacing--30);padding-bottom:var(--wp--preset--spacing--30);padding-left:var(--wp--preset--spacing--30)\">\n<div class=\"wp-block-column has-tertiary-background-color has-background is-layout-flow wp-block-column-is-layout-flow\">\n<div style=\"height:49px\" aria-hidden=\"true\" class=\"wp-block-spacer\"><\/div>\n\n\n\n<h2 class=\"wp-block-heading has-x-large-font-size\" style=\"padding-left:var(--wp--preset--spacing--80);font-style:normal;font-weight:600\">Food &amp; Drink<\/h2>\n\n\n\n<div class=\"wp-block-columns is-layout-flex wp-container-core-columns-is-layout-6e4966e5 wp-block-columns-is-layout-flex\" style=\"padding-top:0;padding-right:var(--wp--preset--spacing--80);padding-bottom:0;padding-left:var(--wp--preset--spacing--80)\">\n<div class=\"wp-block-column is-layout-flow wp-block-column-is-layout-flow\">\n<figure class=\"wp-block-image size-full has-custom-border\"><a href=\"https:\/\/jrodriguez.vccdigitalmedia.ca\/wordpress-workshop\/2024\/05\/26\/steamworks-brewery-where-beer-happends\/\"><img loading=\"lazy\" decoding=\"async\" width=\"702\" height=\"600\" src=\"https:\/\/jrodriguez.vccdigitalmedia.ca\/wordpress-workshop\/wp-content\/uploads\/2024\/05\/breakfast-at-home.jpg\" alt=\"\" class=\"wp-image-46\" style=\"border-radius:8px\" srcset=\"https:\/\/jrodriguez.vccdigitalmedia.ca\/wordpress-workshop\/wp-content\/uploads\/2024\/05\/breakfast-at-home.jpg 702w, https:\/\/jrodriguez.vccdigitalmedia.ca\/wordpress-workshop\/wp-content\/uploads\/2024\/05\/breakfast-at-home-300x256.jpg 300w\" sizes=\"auto, (max-width: 702px) 100vw, 702px\" \/><\/a><\/figure>\n<\/div>\n\n\n\n<div class=\"wp-block-column is-layout-flow wp-block-column-is-layout-flow\">\n<figure class=\"wp-block-image size-full has-custom-border\"><a href=\"https:\/\/jrodriguez.vccdigitalmedia.ca\/wordpress-workshop\/2024\/05\/29\/freshslice-opens-a-new-concept\/\"><img loading=\"lazy\" decoding=\"async\" width=\"702\" height=\"600\" src=\"https:\/\/jrodriguez.vccdigitalmedia.ca\/wordpress-workshop\/wp-content\/uploads\/2024\/05\/freshslice-metrotown.jpg\" alt=\"\" class=\"wp-image-47\" style=\"border-radius:8px\" srcset=\"https:\/\/jrodriguez.vccdigitalmedia.ca\/wordpress-workshop\/wp-content\/uploads\/2024\/05\/freshslice-metrotown.jpg 702w, https:\/\/jrodriguez.vccdigitalmedia.ca\/wordpress-workshop\/wp-content\/uploads\/2024\/05\/freshslice-metrotown-300x256.jpg 300w\" sizes=\"auto, (max-width: 702px) 100vw, 702px\" \/><\/a><\/figure>\n<\/div>\n\n\n\n<div class=\"wp-block-column is-layout-flow wp-block-column-is-layout-flow\">\n<figure class=\"wp-block-image size-full has-custom-border\"><a href=\"https:\/\/jrodriguez.vccdigitalmedia.ca\/wordpress-workshop\/2024\/05\/26\/ruta-del-vino-de-medio-dia-por-el-valle-de-fraser\/\"><img loading=\"lazy\" decoding=\"async\" width=\"702\" height=\"600\" src=\"https:\/\/jrodriguez.vccdigitalmedia.ca\/wordpress-workshop\/wp-content\/uploads\/2024\/05\/local-happy-hour.jpg\" alt=\"\" class=\"wp-image-50\" style=\"border-radius:8px\" srcset=\"https:\/\/jrodriguez.vccdigitalmedia.ca\/wordpress-workshop\/wp-content\/uploads\/2024\/05\/local-happy-hour.jpg 702w, https:\/\/jrodriguez.vccdigitalmedia.ca\/wordpress-workshop\/wp-content\/uploads\/2024\/05\/local-happy-hour-300x256.jpg 300w\" sizes=\"auto, (max-width: 702px) 100vw, 702px\" \/><\/a><\/figure>\n<\/div>\n<\/div>\n\n\n\n<div class=\"wp-block-columns is-layout-flex wp-container-core-columns-is-layout-1903d739 wp-block-columns-is-layout-flex\" style=\"padding-top:0;padding-right:var(--wp--preset--spacing--80);padding-bottom:0;padding-left:var(--wp--preset--spacing--80)\">\n<div class=\"wp-block-column is-layout-flow wp-block-column-is-layout-flow\">\n<p class=\"has-contrast-color has-text-color has-link-color wp-elements-49aa7131df112c7db1f0dc111ea2cea4\">Skip the line and make a Jam-worthy breakfast at home <a href=\"https:\/\/jrodriguez.vccdigitalmedia.ca\/wordpress-workshop\/2024\/05\/26\/steamworks-brewery-where-beer-happends\/\" data-type=\"post\" data-id=\"140\">(only at Steamworks to go)<\/a><\/p>\n<\/div>\n\n\n\n<div class=\"wp-block-column is-layout-flow wp-block-column-is-layout-flow\">\n<p class=\"has-contrast-color has-text-color has-link-color wp-elements-c45281fcce20653e2affa191699885cc\"><a href=\"https:\/\/jrodriguez.vccdigitalmedia.ca\/wordpress-workshop\/2024\/05\/29\/freshslice-opens-a-new-concept\/\" data-type=\"post\" data-id=\"434\">Freshslice<\/a> opens a new concept kitchen in Metrotown<\/p>\n<\/div>\n\n\n\n<div class=\"wp-block-column is-layout-flow wp-block-column-is-layout-flow\">\n<p class=\"has-contrast-color has-text-color has-link-color wp-elements-5fa10bff74d1daca0b23cdf3afc886db\">Explora el <a href=\"https:\/\/jrodriguez.vccdigitalmedia.ca\/wordpress-workshop\/2024\/05\/26\/ruta-del-vino-de-medio-dia-por-el-valle-de-fraser\/\" data-type=\"post\" data-id=\"146\">pintoresco municipio de Langley<\/a>, en el coraz\u00f3n de la regi\u00f3n vin\u00edcola, en un tour de medio d\u00eda por las bodegas del Valle de Fraser.<\/p>\n<\/div>\n<\/div>\n\n\n\n<div class=\"wp-block-columns is-layout-flex wp-container-core-columns-is-layout-f3e0f2da wp-block-columns-is-layout-flex\" style=\"margin-top:0;margin-bottom:0;padding-top:var(--wp--preset--spacing--30);padding-right:var(--wp--preset--spacing--80);padding-bottom:var(--wp--preset--spacing--30);padding-left:var(--wp--preset--spacing--80)\">\n<div class=\"wp-block-column is-layout-flow wp-block-column-is-layout-flow\">\n<p class=\"has-small-font-size\" style=\"font-style:normal;font-weight:100\">September 20, 2022<\/p>\n<\/div>\n\n\n\n<div class=\"wp-block-column is-layout-flow wp-block-column-is-layout-flow\">\n<p class=\"has-small-font-size\" style=\"font-style:normal;font-weight:100\">September 9, 2022<\/p>\n<\/div>\n\n\n\n<div class=\"wp-block-column is-layout-flow wp-block-column-is-layout-flow\">\n<p class=\"has-small-font-size\" style=\"font-style:normal;font-weight:100\">September 1, 2022<\/p>\n<\/div>\n<\/div>\n<\/div>\n<\/div>\n\n\n\n<div style=\"height:57px\" aria-hidden=\"true\" class=\"wp-block-spacer\"><\/div>\n\n\n\n<div class=\"wp-block-columns alignwide is-layout-flex wp-container-core-columns-is-layout-28f84493 wp-block-columns-is-layout-flex\">\n<div class=\"wp-block-column has-base-background-color has-background is-layout-flow wp-block-column-is-layout-flow\">\n<h2 class=\"wp-block-heading has-base-background-color has-background has-x-large-font-size\" style=\"padding-top:0;padding-right:var(--wp--preset--spacing--30);padding-bottom:0;padding-left:var(--wp--preset--spacing--30);font-style:normal;font-weight:600\">Latest News<\/h2>\n\n\n\n<hr class=\"wp-block-separator has-alpha-channel-opacity is-style-wide\"\/>\n\n\n\n<div class=\"wp-block-columns is-layout-flex wp-container-core-columns-is-layout-28f84493 wp-block-columns-is-layout-flex\">\n<div class=\"wp-block-column has-base-background-color has-background is-layout-flow wp-block-column-is-layout-flow\" style=\"flex-basis:33.33%\">\n<p class=\"has-small-font-size\" style=\"padding-top:var(--wp--preset--spacing--30);padding-right:var(--wp--preset--spacing--30);padding-bottom:var(--wp--preset--spacing--30);padding-left:var(--wp--preset--spacing--30);font-style:normal;font-weight:100\">September 19, 2022<\/p>\n<\/div>\n\n\n\n<div class=\"wp-block-column is-layout-flow wp-block-column-is-layout-flow\" style=\"flex-basis:66.66%\">\n<p class=\"has-contrast-color has-text-color has-link-color has-x-large-font-size wp-elements-1c62946f570d41cfe10db765026b2590\" style=\"line-height:1.2\"><a href=\"https:\/\/jrodriguez.vccdigitalmedia.ca\/wordpress-workshop\/2024\/05\/26\/no-messi-no-problem-inter-miami-downs-slumping-vancouver-whitecaps-2-1\/\" data-type=\"post\" data-id=\"148\">No Messi, no problem: Inter Miami downs slumping Vancouver Whitecaps 2-1<\/a><\/p>\n<\/div>\n<\/div>\n\n\n\n<hr class=\"wp-block-separator has-alpha-channel-opacity is-style-wide\"\/>\n\n\n\n<div class=\"wp-block-columns is-layout-flex wp-container-core-columns-is-layout-28f84493 wp-block-columns-is-layout-flex\">\n<div class=\"wp-block-column is-layout-flow wp-block-column-is-layout-flow\" style=\"flex-basis:33.33%\">\n<p class=\"has-small-font-size\" style=\"padding-top:var(--wp--preset--spacing--30);padding-right:var(--wp--preset--spacing--30);padding-bottom:var(--wp--preset--spacing--30);padding-left:var(--wp--preset--spacing--30);font-style:normal;font-weight:100\">September 10, 2022<\/p>\n<\/div>\n\n\n\n<div class=\"wp-block-column is-layout-flow wp-block-column-is-layout-flow\" style=\"flex-basis:66.66%\">\n<p class=\"has-contrast-color has-text-color has-link-color has-x-large-font-size wp-elements-c755f5abc781fa0336a089730d90b040\" style=\"padding-top:var(--wp--preset--spacing--30);padding-right:0;padding-bottom:var(--wp--preset--spacing--30);padding-left:0;line-height:1.2\"><a href=\"https:\/\/jrodriguez.vccdigitalmedia.ca\/wordpress-workshop\/wp-admin\/post.php?post=150&amp;action=edit\">Team CTV\u2019S Tour de Cure<\/a><\/p>\n<\/div>\n<\/div>\n\n\n\n<hr class=\"wp-block-separator has-alpha-channel-opacity is-style-wide\" style=\"margin-top:0;margin-bottom:0\"\/>\n\n\n\n<div class=\"wp-block-columns is-layout-flex wp-container-core-columns-is-layout-28f84493 wp-block-columns-is-layout-flex\">\n<div class=\"wp-block-column is-layout-flow wp-block-column-is-layout-flow\" style=\"flex-basis:33.33%\">\n<p class=\"has-small-font-size\" style=\"padding-top:var(--wp--preset--spacing--30);padding-right:var(--wp--preset--spacing--30);padding-bottom:var(--wp--preset--spacing--30);padding-left:var(--wp--preset--spacing--30);font-style:normal;font-weight:100\">September 2, 2022<\/p>\n<\/div>\n\n\n\n<div class=\"wp-block-column is-layout-flow wp-block-column-is-layout-flow\" style=\"flex-basis:66.66%\">\n<p class=\"has-contrast-color has-text-color has-link-color has-x-large-font-size wp-elements-fc02cdae12881c6cc8a9ef23cd182560\" style=\"line-height:1.2\"><a href=\"https:\/\/jrodriguez.vccdigitalmedia.ca\/wordpress-workshop\/wp-admin\/post.php?post=152&amp;action=edit\">Space junk falling on Saskatchewan farmland prompts question: who\u2019s liable?<\/a><\/p>\n<\/div>\n<\/div>\n<\/div>\n<\/div>\n\n\n\n<hr class=\"wp-block-separator alignwide has-alpha-channel-opacity is-style-wide\"\/>\n\n\n\n<div style=\"height:57px\" aria-hidden=\"true\" class=\"wp-block-spacer\"><\/div>\n","protected":false},"excerpt":{"rendered":"<p>The Best things to do in Vancouver at Night Vancouver is a city with a vibrant energy even after the sun has set, offering endless activities for you to explore and enjoy during your trip. Here I tell you everything you can do in this destination during the night. What to do this week Get [&hellip;]<\/p>\n","protected":false},"author":1,"featured_media":0,"parent":0,"menu_order":0,"comment_status":"closed","ping_status":"closed","template":"","meta":{"footnotes":""},"class_list":["post-11","page","type-page","status-publish","hentry"],"_links":{"self":[{"href":"https:\/\/jrodriguez.vccdigitalmedia.ca\/wordpress-workshop\/wp-json\/wp\/v2\/pages\/11","targetHints":{"allow":["GET"]}}],"collection":[{"href":"https:\/\/jrodriguez.vccdigitalmedia.ca\/wordpress-workshop\/wp-json\/wp\/v2\/pages"}],"about":[{"href":"https:\/\/jrodriguez.vccdigitalmedia.ca\/wordpress-workshop\/wp-json\/wp\/v2\/types\/page"}],"author":[{"embeddable":true,"href":"https:\/\/jrodriguez.vccdigitalmedia.ca\/wordpress-workshop\/wp-json\/wp\/v2\/users\/1"}],"replies":[{"embeddable":true,"href":"https:\/\/jrodriguez.vccdigitalmedia.ca\/wordpress-workshop\/wp-json\/wp\/v2\/comments?post=11"}],"version-history":[{"count":110,"href":"https:\/\/jrodriguez.vccdigitalmedia.ca\/wordpress-workshop\/wp-json\/wp\/v2\/pages\/11\/revisions"}],"predecessor-version":[{"id":477,"href":"https:\/\/jrodriguez.vccdigitalmedia.ca\/wordpress-workshop\/wp-json\/wp\/v2\/pages\/11\/revisions\/477"}],"wp:attachment":[{"href":"https:\/\/jrodriguez.vccdigitalmedia.ca\/wordpress-workshop\/wp-json\/wp\/v2\/media?parent=11"}],"curies":[{"name":"wp","href":"https:\/\/api.w.org\/{rel}","templated":true}]}}