{"id":67,"date":"2024-05-20T18:00:20","date_gmt":"2024-05-20T18:00:20","guid":{"rendered":"https:\/\/jrodriguez.vccdigitalmedia.ca\/wordpress-sandbox\/?page_id=67"},"modified":"2024-05-20T18:00:20","modified_gmt":"2024-05-20T18:00:20","slug":"tortuga-marina-2","status":"publish","type":"page","link":"https:\/\/jrodriguez.vccdigitalmedia.ca\/wordpress-sandbox\/tortuga-marina-2\/","title":{"rendered":"Tortuga Marina"},"content":{"rendered":"\n<figure class=\"wp-block-image size-full is-resized\"><img loading=\"lazy\" decoding=\"async\" width=\"1024\" height=\"562\" src=\"https:\/\/jrodriguez.vccdigitalmedia.ca\/wordpress-sandbox\/wp-content\/uploads\/2024\/05\/image.jpeg\" alt=\"This image has an empty alt attribute; its file name is AdobeStock_796615324-1024x562.jpeg\" class=\"wp-image-35\" style=\"width:803px;height:auto\" srcset=\"https:\/\/jrodriguez.vccdigitalmedia.ca\/wordpress-sandbox\/wp-content\/uploads\/2024\/05\/image.jpeg 1024w, https:\/\/jrodriguez.vccdigitalmedia.ca\/wordpress-sandbox\/wp-content\/uploads\/2024\/05\/image-300x165.jpeg 300w, https:\/\/jrodriguez.vccdigitalmedia.ca\/wordpress-sandbox\/wp-content\/uploads\/2024\/05\/image-768x422.jpeg 768w\" sizes=\"auto, (max-width: 1024px) 100vw, 1024px\" \/><\/figure>\n\n\n\n<p>La tortuga marina forma parte de la familia Chelonioidea, es decir, de los quelonioideos. Son reptiles marinos que habitan en todos los oc\u00e9anos tropicales. Son exclusivamente marinas, pero tocan tierra solamente para anidar. Adem\u00e1s, tambi\u00e9n debes saber que existen 7 subespecies o tipos de tortugas marinas.<\/p>\n\n\n\n<blockquote class=\"wp-block-quote is-layout-flow wp-block-quote-is-layout-flow\">\n<p class=\"has-white-color has-accent-background-color has-text-color has-background has-link-color has-large-font-size wp-elements-bbb5c1fc25656ef990ea162b44e0b519\">&#8220;Te preguntas d\u00f3nde viven las tortugas? Pues bien, la mayor\u00eda de las especies de tortugas se encuentran en\u00a0<strong>aguas poco profundas de bah\u00edas, lagunas y estuarios<\/strong>. Otras se adentran al\u00a0<strong>mar abierto<\/strong>&#8220;<\/p>\n<cite>Camila Hernandez<\/cite><\/blockquote>\n\n\n\n<figure class=\"wp-block-embed is-type-video is-provider-youtube wp-block-embed-youtube wp-embed-aspect-16-9 wp-has-aspect-ratio\"><div class=\"wp-block-embed__wrapper\">\n<iframe loading=\"lazy\" title=\"La Tortuga Marina - Caracter\u00edsticas, alimentaci\u00f3n y curiosidades\" width=\"750\" height=\"422\" src=\"https:\/\/www.youtube.com\/embed\/K4xxFi_trCk?feature=oembed\" frameborder=\"0\" allow=\"accelerometer; autoplay; clipboard-write; encrypted-media; gyroscope; picture-in-picture; web-share\" referrerpolicy=\"strict-origin-when-cross-origin\" allowfullscreen><\/iframe>\n<\/div><\/figure>\n\n\n\n<figure class=\"wp-block-embed is-type-video is-provider-youtube wp-block-embed-youtube wp-embed-aspect-16-9 wp-has-aspect-ratio\"><div class=\"wp-block-embed__wrapper\">\n<iframe loading=\"lazy\" title=\"Tortugas marinas 101 | National Geographic en Espa\u00f1ol\" width=\"750\" height=\"422\" src=\"https:\/\/www.youtube.com\/embed\/SA3qPhy-yFw?feature=oembed\" frameborder=\"0\" allow=\"accelerometer; autoplay; clipboard-write; encrypted-media; gyroscope; picture-in-picture; web-share\" referrerpolicy=\"strict-origin-when-cross-origin\" allowfullscreen><\/iframe>\n<\/div><\/figure>\n","protected":false},"excerpt":{"rendered":"<p>La tortuga marina forma parte de la familia Chelonioidea, es decir, de los quelonioideos. Son reptiles marinos que habitan en todos los oc\u00e9anos tropicales. Son exclusivamente marinas, pero tocan tierra solamente para anidar. Adem\u00e1s, tambi\u00e9n debes saber que existen 7 subespecies o tipos de tortugas marinas. &#8220;Te preguntas d\u00f3nde viven [&hellip;]<\/p>\n","protected":false},"author":1,"featured_media":0,"parent":0,"menu_order":0,"comment_status":"closed","ping_status":"closed","template":"","meta":{"footnotes":""},"class_list":["post-67","page","type-page","status-publish","hentry"],"_links":{"self":[{"href":"https:\/\/jrodriguez.vccdigitalmedia.ca\/wordpress-sandbox\/wp-json\/wp\/v2\/pages\/67","targetHints":{"allow":["GET"]}}],"collection":[{"href":"https:\/\/jrodriguez.vccdigitalmedia.ca\/wordpress-sandbox\/wp-json\/wp\/v2\/pages"}],"about":[{"href":"https:\/\/jrodriguez.vccdigitalmedia.ca\/wordpress-sandbox\/wp-json\/wp\/v2\/types\/page"}],"author":[{"embeddable":true,"href":"https:\/\/jrodriguez.vccdigitalmedia.ca\/wordpress-sandbox\/wp-json\/wp\/v2\/users\/1"}],"replies":[{"embeddable":true,"href":"https:\/\/jrodriguez.vccdigitalmedia.ca\/wordpress-sandbox\/wp-json\/wp\/v2\/comments?post=67"}],"version-history":[{"count":1,"href":"https:\/\/jrodriguez.vccdigitalmedia.ca\/wordpress-sandbox\/wp-json\/wp\/v2\/pages\/67\/revisions"}],"predecessor-version":[{"id":68,"href":"https:\/\/jrodriguez.vccdigitalmedia.ca\/wordpress-sandbox\/wp-json\/wp\/v2\/pages\/67\/revisions\/68"}],"wp:attachment":[{"href":"https:\/\/jrodriguez.vccdigitalmedia.ca\/wordpress-sandbox\/wp-json\/wp\/v2\/media?parent=67"}],"curies":[{"name":"wp","href":"https:\/\/api.w.org\/{rel}","templated":true}]}}