{"id":31,"date":"2024-05-20T15:50:16","date_gmt":"2024-05-20T15:50:16","guid":{"rendered":"https:\/\/jrodriguez.vccdigitalmedia.ca\/wordpress-sandbox\/?page_id=31"},"modified":"2024-05-20T18:06:57","modified_gmt":"2024-05-20T18:06:57","slug":"tortuga-marina","status":"publish","type":"page","link":"https:\/\/jrodriguez.vccdigitalmedia.ca\/wordpress-sandbox\/tortuga-marina\/","title":{"rendered":"Tortuguita Marinita"},"content":{"rendered":"\n<p>Especie en peligro de extinci\u00f3n<\/p>\n\n\n\n<figure class=\"wp-block-image size-full is-resized\"><img loading=\"lazy\" decoding=\"async\" width=\"1024\" height=\"562\" src=\"https:\/\/jrodriguez.vccdigitalmedia.ca\/wordpress-sandbox\/wp-content\/uploads\/2024\/05\/image.jpeg\" alt=\"This image has an empty alt attribute; its file name is AdobeStock_796615324-1024x562.jpeg\" class=\"wp-image-35\" style=\"width:841px;height:auto\" srcset=\"https:\/\/jrodriguez.vccdigitalmedia.ca\/wordpress-sandbox\/wp-content\/uploads\/2024\/05\/image.jpeg 1024w, https:\/\/jrodriguez.vccdigitalmedia.ca\/wordpress-sandbox\/wp-content\/uploads\/2024\/05\/image-300x165.jpeg 300w, https:\/\/jrodriguez.vccdigitalmedia.ca\/wordpress-sandbox\/wp-content\/uploads\/2024\/05\/image-768x422.jpeg 768w\" sizes=\"auto, (max-width: 1024px) 100vw, 1024px\" \/><\/figure>\n\n\n\n<p class=\"has-text-align-center has-header-gradient-color has-background-color-background-color has-text-color has-background has-link-color has-large-font-size wp-elements-a804119d81d374f11f9991c5886cd4d6\"><em>&#8220;Si no cuidamos nuestros recursos, el planeta morir\u00e1 m\u00e1s pronto de lo que imaginamos&#8221;<\/em><\/p>\n\n\n\n<blockquote class=\"wp-block-quote is-layout-flow wp-block-quote-is-layout-flow\">\n<p>&#8220;Si no cuidamos nuestros recursos, el planeta desaparecer\u00e1 m\u00e1s pronto de lo que imaginamos&#8221;<\/p>\n<cite>Magda Rodriguez \/ INNHA<\/cite><\/blockquote>\n\n\n\n<p>La tortuga marina forma parte de la familia Chelonioidea, es decir, de los quelonioideos. Son reptiles marinos que habitan en todos los oc\u00e9anos tropicales. Son exclusivamente marinas, pero tocan tierra solamente para anidar. Adem\u00e1s, tambi\u00e9n debes saber que existen 7 subespecies o tipos de tortugas marinas.<\/p>\n\n\n\n<blockquote class=\"wp-block-quote is-layout-flow wp-block-quote-is-layout-flow\">\n<p>GOLFINA<\/p>\n\n\n\n<figure class=\"wp-block-image size-large is-resized\"><img loading=\"lazy\" decoding=\"async\" width=\"1024\" height=\"511\" src=\"https:\/\/jrodriguez.vccdigitalmedia.ca\/wordpress-sandbox\/wp-content\/uploads\/2024\/05\/Screen-Shot-2024-05-20-at-08.31.48-1024x511.png\" alt=\"\" class=\"wp-image-40\" style=\"width:808px;height:auto\" srcset=\"https:\/\/jrodriguez.vccdigitalmedia.ca\/wordpress-sandbox\/wp-content\/uploads\/2024\/05\/Screen-Shot-2024-05-20-at-08.31.48-1024x511.png 1024w, https:\/\/jrodriguez.vccdigitalmedia.ca\/wordpress-sandbox\/wp-content\/uploads\/2024\/05\/Screen-Shot-2024-05-20-at-08.31.48-300x150.png 300w, https:\/\/jrodriguez.vccdigitalmedia.ca\/wordpress-sandbox\/wp-content\/uploads\/2024\/05\/Screen-Shot-2024-05-20-at-08.31.48-768x383.png 768w, https:\/\/jrodriguez.vccdigitalmedia.ca\/wordpress-sandbox\/wp-content\/uploads\/2024\/05\/Screen-Shot-2024-05-20-at-08.31.48-1536x766.png 1536w, https:\/\/jrodriguez.vccdigitalmedia.ca\/wordpress-sandbox\/wp-content\/uploads\/2024\/05\/Screen-Shot-2024-05-20-at-08.31.48-2048x1021.png 2048w\" sizes=\"auto, (max-width: 1024px) 100vw, 1024px\" \/><\/figure>\n<cite>La Tortuga Golfina es la predomina en las costas de Guerrero M\u00e9xico.<\/cite><\/blockquote>\n\n\n\n<figure class=\"wp-block-embed is-type-video is-provider-youtube wp-block-embed-youtube wp-embed-aspect-4-3 wp-has-aspect-ratio\"><div class=\"wp-block-embed__wrapper\">\n<iframe loading=\"lazy\" title=\"PEMEX Pantano Santa Alejandrina\" width=\"750\" height=\"563\" src=\"https:\/\/www.youtube.com\/embed\/idjfj5BFGAE?feature=oembed\" frameborder=\"0\" allow=\"accelerometer; autoplay; clipboard-write; encrypted-media; gyroscope; picture-in-picture; web-share\" referrerpolicy=\"strict-origin-when-cross-origin\" allowfullscreen><\/iframe>\n<\/div><\/figure>\n\n\n\n<figure class=\"wp-block-embed is-type-video is-provider-youtube wp-block-embed-youtube wp-embed-aspect-16-9 wp-has-aspect-ratio\"><div class=\"wp-block-embed__wrapper\">\n<iframe loading=\"lazy\" title=\"Condones SICO - Makken\" width=\"750\" height=\"422\" src=\"https:\/\/www.youtube.com\/embed\/MHxMJWEKJ-A?feature=oembed\" frameborder=\"0\" allow=\"accelerometer; autoplay; clipboard-write; encrypted-media; gyroscope; picture-in-picture; web-share\" referrerpolicy=\"strict-origin-when-cross-origin\" allowfullscreen><\/iframe>\n<\/div><\/figure>\n\n\n\n<p><\/p>\n","protected":false},"excerpt":{"rendered":"<p>Especie en peligro de extinci\u00f3n &#8220;Si no cuidamos nuestros recursos, el planeta morir\u00e1 m\u00e1s pronto de lo que imaginamos&#8221; &#8220;Si no cuidamos nuestros recursos, el planeta desaparecer\u00e1 m\u00e1s pronto de lo que imaginamos&#8221; Magda Rodriguez \/ INNHA La tortuga marina forma parte de la familia Chelonioidea, es decir, de los [&hellip;]<\/p>\n","protected":false},"author":1,"featured_media":0,"parent":0,"menu_order":0,"comment_status":"closed","ping_status":"closed","template":"","meta":{"footnotes":""},"class_list":["post-31","page","type-page","status-publish","hentry"],"_links":{"self":[{"href":"https:\/\/jrodriguez.vccdigitalmedia.ca\/wordpress-sandbox\/wp-json\/wp\/v2\/pages\/31","targetHints":{"allow":["GET"]}}],"collection":[{"href":"https:\/\/jrodriguez.vccdigitalmedia.ca\/wordpress-sandbox\/wp-json\/wp\/v2\/pages"}],"about":[{"href":"https:\/\/jrodriguez.vccdigitalmedia.ca\/wordpress-sandbox\/wp-json\/wp\/v2\/types\/page"}],"author":[{"embeddable":true,"href":"https:\/\/jrodriguez.vccdigitalmedia.ca\/wordpress-sandbox\/wp-json\/wp\/v2\/users\/1"}],"replies":[{"embeddable":true,"href":"https:\/\/jrodriguez.vccdigitalmedia.ca\/wordpress-sandbox\/wp-json\/wp\/v2\/comments?post=31"}],"version-history":[{"count":6,"href":"https:\/\/jrodriguez.vccdigitalmedia.ca\/wordpress-sandbox\/wp-json\/wp\/v2\/pages\/31\/revisions"}],"predecessor-version":[{"id":71,"href":"https:\/\/jrodriguez.vccdigitalmedia.ca\/wordpress-sandbox\/wp-json\/wp\/v2\/pages\/31\/revisions\/71"}],"wp:attachment":[{"href":"https:\/\/jrodriguez.vccdigitalmedia.ca\/wordpress-sandbox\/wp-json\/wp\/v2\/media?parent=31"}],"curies":[{"name":"wp","href":"https:\/\/api.w.org\/{rel}","templated":true}]}}