{"id":39,"date":"2024-05-20T22:57:30","date_gmt":"2024-05-20T22:57:30","guid":{"rendered":"https:\/\/jrodriguez.vccdigitalmedia.ca\/gutenberg\/?page_id=39"},"modified":"2024-05-20T22:57:30","modified_gmt":"2024-05-20T22:57:30","slug":"amenazas","status":"publish","type":"page","link":"https:\/\/jrodriguez.vccdigitalmedia.ca\/gutenberg\/amenazas\/","title":{"rendered":"Amenazas"},"content":{"rendered":"\n<h2 class=\"wp-block-heading has-text-color has-link-color has-larger-font-size wp-elements-1e90d4d687a0bc05b9f421d3713cec77\" id=\"anchor_4\" style=\"color:#6e4040\">Principales amenazas de las tortugas marinas<\/h2>\n\n\n\n<p class=\"has-text-color has-link-color wp-elements-2e6961b6b671dcfa09e52bbfcab24032\" style=\"color:#646d59\">Seis de las siete especies de tortugas marinas se encuentran\u00a0<strong>amenazadas a nivel global<\/strong>. Las tortugas boba, la\u00fad y oliv\u00e1cea se encuentran en estado vulnerable,<sup>\u00a0<\/sup>la tortuga verde est\u00e1 en peligro y la bastarda y la carey se consideran en peligro cr\u00edtico de extinci\u00f3n.<sup>\u00a0<\/sup>En cuanto a la tortuga plana, no existen datos suficientes sobre el estado de sus poblaciones.<\/p>\n\n\n\n<p class=\"has-text-color has-link-color wp-elements-468fa6b852031fcd8e2a53bf9e780c2b\" style=\"color:#646d59\">Por tanto, las tortugas marinas tienen cada vez m\u00e1s dificultades para sobrevivir en el medio marino. \u00bfPor qu\u00e9? Estas son las principales amenazas de las tortugas marinas:<\/p>\n\n\n\n<ul class=\"wp-block-list\">\n<li style=\"font-style:normal;font-weight:100\"><strong>Artes de pesca<\/strong>: las tortugas quedan atrapadas en las redes y otras herramientas de pesca por accidente, caus\u00e1ndoles heridas y lesiones. Adem\u00e1s, cuando las redes ascienden hacia la superficie y arrastran a las tortugas, pueden causarles el s\u00edndrome de descompresi\u00f3n debido al cambio r\u00e1pido de presi\u00f3n.<\/li>\n\n\n\n<li style=\"font-style:normal;font-weight:100\"><strong>Contaminaci\u00f3n de residuos<\/strong>: las tortugas confunden los residuos, sobre todo pl\u00e1sticos, con su alimento. Les causan ahogamiento, obstrucciones y, como consecuencia, desnutrici\u00f3n. Adem\u00e1s, pueden enredarse en las aletas, causando, incluso, amputaciones.<\/li>\n\n\n\n<li style=\"font-style:normal;font-weight:100\"><strong>Contaminaci\u00f3n qu\u00edmica<\/strong>: los vertidos de aguas contaminadas, zonas petroleadas, residuos nucleares, etc. contaminan el agua en la que habitan.<\/li>\n\n\n\n<li style=\"font-style:normal;font-weight:100\"><strong>Contaminaci\u00f3n ac\u00fastica<\/strong>: el ruido de los submarinos, el transporte mar\u00edtimo, las infraestructuras petrol\u00edferas, etc. generan malestar y estr\u00e9s, pudiendo interferir en el comportamiento normal de las tortugas.<\/li>\n\n\n\n<li style=\"font-style:normal;font-weight:100\"><strong>Destrucci\u00f3n de su h\u00e1bitat<\/strong>: la pesca de arrastre tambi\u00e9n destruye su h\u00e1bitat natural, como las \u00e1reas bent\u00f3nicas m\u00e1s productivas. Adem\u00e1s, sus lugares de nidificaci\u00f3n son cada vez m\u00e1s reducidos debido a la \u201climpieza\u201d y masificaci\u00f3n de las playas, as\u00ed como a la urbanizaci\u00f3n costera sin control.<\/li>\n\n\n\n<li style=\"font-style:normal;font-weight:100\"><strong>Colisiones con embarcaciones<\/strong>: en las \u00faltimas d\u00e9cadas, se ha producido un aumento del transporte mar\u00edtimo, incrementando el n\u00famero de colisiones con embarcaciones.<\/li>\n\n\n\n<li style=\"font-style:normal;font-weight:100\"><strong>Cambio clim\u00e1tico<\/strong>: debido al aumento de la temperatura global, se est\u00e1n produciendo cambios en el lugar de nidificaci\u00f3n, as\u00ed como en el n\u00famero de hembras y machos que salen de los huevos. Adem\u00e1s, el cambio clim\u00e1tico est\u00e1 afectando gravemente a sus zonas de alimentaci\u00f3n, como las barreras de coral.<\/li>\n\n\n\n<li style=\"font-style:normal;font-weight:100\"><strong>Pesca ilegal<\/strong>: la carne de tortuga, sus caparazones y sus huevos son muy apreciados en algunas partes del mundo.<\/li>\n<\/ul>\n\n\n\n<figure class=\"wp-block-image size-large is-resized\"><img loading=\"lazy\" decoding=\"async\" width=\"1024\" height=\"562\" src=\"https:\/\/jrodriguez.vccdigitalmedia.ca\/gutenberg\/wp-content\/uploads\/2024\/05\/AdobeStock_796615324-1024x562.jpeg\" alt=\"\" class=\"wp-image-40\" style=\"width:1096px;height:auto\" srcset=\"https:\/\/jrodriguez.vccdigitalmedia.ca\/gutenberg\/wp-content\/uploads\/2024\/05\/AdobeStock_796615324-1024x562.jpeg 1024w, https:\/\/jrodriguez.vccdigitalmedia.ca\/gutenberg\/wp-content\/uploads\/2024\/05\/AdobeStock_796615324-300x165.jpeg 300w, https:\/\/jrodriguez.vccdigitalmedia.ca\/gutenberg\/wp-content\/uploads\/2024\/05\/AdobeStock_796615324-768x421.jpeg 768w, https:\/\/jrodriguez.vccdigitalmedia.ca\/gutenberg\/wp-content\/uploads\/2024\/05\/AdobeStock_796615324-1536x842.jpeg 1536w, https:\/\/jrodriguez.vccdigitalmedia.ca\/gutenberg\/wp-content\/uploads\/2024\/05\/AdobeStock_796615324-2048x1123.jpeg 2048w\" sizes=\"auto, (max-width: 1024px) 100vw, 1024px\" \/><\/figure>\n\n\n\n<p class=\"has-text-color has-link-color has-large-font-size wp-elements-d665777c52c305d2e215a0d4d1d60c77\" style=\"color:#6e4040\">\u00bfC\u00f3mo ayudar a las tortugas marinas?<\/p>\n\n\n\n<p class=\"has-text-color has-link-color wp-elements-aa6afb4576d04d72b698be7bca27df59\" style=\"color:#646d59\">El papel ecol\u00f3gico de las tortugas marinas es fundamental, tanto para sus ecosistemas como para los seres humanos. Por ejemplo, son esenciales para evitar sobrepoblaciones de medusas, de las que suelen alimentarse. Pero \u00bfes posible ayudarles?<\/p>\n\n\n\n<p class=\"has-text-color has-link-color wp-elements-e4c9bacdcdd128716d6793eab60d600a\" style=\"color:#646d59\">Podemos&nbsp;<a href=\"https:\/\/www.expertoanimal.com\/como-ayudar-a-las-tortugas-marinas-25339.html\">ayudar a las tortugas marinas<\/a>&nbsp;realizando peque\u00f1os cambios en nuestra rutina diaria, como:<\/p>\n\n\n\n<ul class=\"wp-block-list\">\n<li style=\"font-style:normal;font-weight:100\"><strong>Reducir<\/strong>\u00a0<strong>el uso de pl\u00e1sticos<\/strong>\u00a0y objetos de un solo uso.<\/li>\n\n\n\n<li style=\"font-style:normal;font-weight:100\"><strong>Reutilizar y reciclar<\/strong>\u00a0nuestros residuos.<\/li>\n\n\n\n<li style=\"font-style:normal;font-weight:100\">Comprar productos de proximidad y con etiquetas de\u00a0<strong>pesca sostenible<\/strong>.<\/li>\n\n\n\n<li style=\"font-style:normal;font-weight:100\">Reducir nuestro gasto energ\u00e9tico.<\/li>\n\n\n\n<li style=\"font-style:normal;font-weight:100\">Utilizar el transporte p\u00fablico.<\/li>\n\n\n\n<li style=\"font-style:normal;font-weight:100\">Reducir el consumo de carne (principal responsable de la deforestaci\u00f3n y de gran parte de las emisiones de CO2).<\/li>\n\n\n\n<li style=\"font-style:normal;font-weight:100\"><strong>Educaci\u00f3n ambiental\u00a0<\/strong>en nuestra sociedad y tomar conciencia a nivel individual de lo que est\u00e1 pasando.<\/li>\n<\/ul>\n\n\n\n<p class=\"has-text-color has-link-color wp-elements-1b121f1d135008a56c5f9c0fb535e40e\" style=\"color:#646d59\">Adem\u00e1s, si quieres ayudar a las tortugas marinas, puedes echarnos una mano en la&nbsp;<strong><a href=\"https:\/\/cram.org\/ayuda\/\" target=\"_blank\" rel=\"noreferrer noopener\">Fundaci\u00f3n CRAM<\/a><\/strong>. Nos dedicamos a la conservaci\u00f3n del medio marino a trav\u00e9s de acciones locales, como la&nbsp;<strong>recuperaci\u00f3n y reintroducci\u00f3n de tortugas marinas<\/strong>&nbsp;y otros animales. Puedes ayudar a los oc\u00e9anos compartiendo nuestro trabajo, haciendo un voluntariado, apadrinando a una de nuestras tortugas o mediante donaciones. Las donaciones pueden ser cantidades fijas tan bajas como 1 \u20ac al mes, o bien, donaciones puntuales. Ay\u00fadanos a proteger a las tortugas marinas.<\/p>\n\n\n<div class=\"wp-block-post-author\"><div class=\"wp-block-post-author__avatar\"><img alt='' src='https:\/\/secure.gravatar.com\/avatar\/1e4bf08c0c0f472247d0ac7dc35657741cfbf669295a706bb0977181dbdaab7e?s=48&#038;d=mm&#038;r=g' srcset='https:\/\/secure.gravatar.com\/avatar\/1e4bf08c0c0f472247d0ac7dc35657741cfbf669295a706bb0977181dbdaab7e?s=96&#038;d=mm&#038;r=g 2x' class='avatar avatar-48 photo' height='48' width='48' \/><\/div><div class=\"wp-block-post-author__content\"><p class=\"wp-block-post-author__name\">Jose Hernandez<\/p><\/div><\/div>\n\n\n<hr class=\"wp-block-separator has-alpha-channel-opacity\"\/>\n","protected":false},"excerpt":{"rendered":"<p>Principales amenazas de las tortugas marinas Seis de las siete especies de tortugas marinas se encuentran\u00a0amenazadas a nivel global. Las tortugas boba, la\u00fad y oliv\u00e1cea se encuentran en estado vulnerable,\u00a0la tortuga verde est\u00e1 en peligro y la bastarda y la carey se consideran en peligro cr\u00edtico de extinci\u00f3n.\u00a0En cuanto a la tortuga plana, no existen&#8230;<\/p>\n","protected":false},"author":1,"featured_media":0,"parent":0,"menu_order":0,"comment_status":"closed","ping_status":"closed","template":"","meta":{"_kadence_starter_templates_imported_post":false,"_kad_post_transparent":"","_kad_post_title":"","_kad_post_layout":"","_kad_post_sidebar_id":"","_kad_post_content_style":"","_kad_post_vertical_padding":"","_kad_post_feature":"","_kad_post_feature_position":"","_kad_post_header":false,"_kad_post_footer":false,"footnotes":""},"class_list":["post-39","page","type-page","status-publish","hentry"],"_links":{"self":[{"href":"https:\/\/jrodriguez.vccdigitalmedia.ca\/gutenberg\/wp-json\/wp\/v2\/pages\/39","targetHints":{"allow":["GET"]}}],"collection":[{"href":"https:\/\/jrodriguez.vccdigitalmedia.ca\/gutenberg\/wp-json\/wp\/v2\/pages"}],"about":[{"href":"https:\/\/jrodriguez.vccdigitalmedia.ca\/gutenberg\/wp-json\/wp\/v2\/types\/page"}],"author":[{"embeddable":true,"href":"https:\/\/jrodriguez.vccdigitalmedia.ca\/gutenberg\/wp-json\/wp\/v2\/users\/1"}],"replies":[{"embeddable":true,"href":"https:\/\/jrodriguez.vccdigitalmedia.ca\/gutenberg\/wp-json\/wp\/v2\/comments?post=39"}],"version-history":[{"count":1,"href":"https:\/\/jrodriguez.vccdigitalmedia.ca\/gutenberg\/wp-json\/wp\/v2\/pages\/39\/revisions"}],"predecessor-version":[{"id":42,"href":"https:\/\/jrodriguez.vccdigitalmedia.ca\/gutenberg\/wp-json\/wp\/v2\/pages\/39\/revisions\/42"}],"wp:attachment":[{"href":"https:\/\/jrodriguez.vccdigitalmedia.ca\/gutenberg\/wp-json\/wp\/v2\/media?parent=39"}],"curies":[{"name":"wp","href":"https:\/\/api.w.org\/{rel}","templated":true}]}}