{"id":2,"date":"2024-05-20T20:26:07","date_gmt":"2024-05-20T20:26:07","guid":{"rendered":"https:\/\/jrodriguez.vccdigitalmedia.ca\/gutenberg\/?page_id=2"},"modified":"2024-05-20T23:26:14","modified_gmt":"2024-05-20T23:26:14","slug":"sample-page","status":"publish","type":"page","link":"https:\/\/jrodriguez.vccdigitalmedia.ca\/gutenberg\/sample-page\/","title":{"rendered":"Tortuga Marina"},"content":{"rendered":"\n<blockquote class=\"wp-block-quote has-text-color has-link-color wp-elements-8709b99716558cd00c9fc3a235332d02 is-layout-flow wp-block-quote-is-layout-flow\" style=\"color:#646d59\">\n<p class=\"has-text-color has-link-color has-large-font-size wp-elements-69acdff62d4ff2abf3e8b614122b8bd4\" style=\"color:#6e4040;padding-top:0;padding-right:var(--wp--preset--spacing--80);padding-bottom:0;padding-left:var(--wp--preset--spacing--80);letter-spacing:0px\"><em>&#8220;Proteger a las especies en peligro de extinci\u00f3n habr\u00e1 de posicionarnos como la especie m\u00e1s inteligente, de no ser as\u00ed podremos sucumbir ante los embates de la naturaleza misma&#8221;<\/em><\/p>\n<cite>Jose Hernandez<\/cite><\/blockquote>\n\n\n\n<figure class=\"wp-block-image size-large is-resized\"><img loading=\"lazy\" decoding=\"async\" width=\"1024\" height=\"511\" src=\"https:\/\/jrodriguez.vccdigitalmedia.ca\/gutenberg\/wp-content\/uploads\/2024\/05\/Screen-Shot-2024-05-20-at-08.31.48-1024x511.png\" alt=\"\" class=\"wp-image-24\" style=\"width:1096px;height:auto\" srcset=\"https:\/\/jrodriguez.vccdigitalmedia.ca\/gutenberg\/wp-content\/uploads\/2024\/05\/Screen-Shot-2024-05-20-at-08.31.48-1024x511.png 1024w, https:\/\/jrodriguez.vccdigitalmedia.ca\/gutenberg\/wp-content\/uploads\/2024\/05\/Screen-Shot-2024-05-20-at-08.31.48-300x150.png 300w, https:\/\/jrodriguez.vccdigitalmedia.ca\/gutenberg\/wp-content\/uploads\/2024\/05\/Screen-Shot-2024-05-20-at-08.31.48-768x383.png 768w, https:\/\/jrodriguez.vccdigitalmedia.ca\/gutenberg\/wp-content\/uploads\/2024\/05\/Screen-Shot-2024-05-20-at-08.31.48-1536x766.png 1536w, https:\/\/jrodriguez.vccdigitalmedia.ca\/gutenberg\/wp-content\/uploads\/2024\/05\/Screen-Shot-2024-05-20-at-08.31.48-2048x1021.png 2048w\" sizes=\"auto, (max-width: 1024px) 100vw, 1024px\" \/><\/figure>\n\n\n\n<p class=\"has-text-color has-link-color wp-elements-f4d097e95c9093ae9291336e74834247\" style=\"color:#6e4040\">Las&nbsp;<strong>tortugas marinas<\/strong>&nbsp;(superfamilia Chelonoidea) existen desde hace unos 100 000 a\u00f1os. Estos curiosos animales son reptiles de gran tama\u00f1o que se adaptaron a la vida en el agua salada. Desde entonces, se han convertido en una pieza fundamental de sus h\u00e1bitats.<\/p>\n\n\n\n<p class=\"has-text-color has-link-color wp-elements-0dedeef3e51b6c76268bf0a1bfb5442e\" style=\"color:#6e4040\">Actualmente, todas las tortugas marinas se consideran amenazadas por la actividad humana. Por ello, es muy importante concienciar sobre la importancia de su conservaci\u00f3n, tanto para los ecosistemas marinos como para nosotros. \u00bfQuieres saberlo todo sobre ellas? No te pierdas este art\u00edculo de ExpertoAnimal, en colaboraci\u00f3n con la Fundaci\u00f3n CRAM, sobre las&nbsp;<strong>caracter\u00edsticas de las<\/strong>&nbsp;<strong>tortugas marinas<\/strong>, d\u00f3nde viven y mucho m\u00e1s.<\/p>\n\n\n\n<div class=\"wp-block-group alignfull has-text-color has-background\" style=\"color:#000000;background-color:#ffffff\"><div class=\"wp-block-group__inner-container is-layout-flow wp-block-group-is-layout-flow\">\n<h2 class=\"wp-block-heading has-text-align-center has-text-color has-link-color wp-elements-8b868e5a4dabdecb26eccea4e13ab1ae\" id=\"schedule-a-visit\" style=\"color:#6e4040;font-size:27px;line-height:1.15\"><strong>Conoce nuestro santuario<\/strong><\/h2>\n\n\n\n<div class=\"wp-block-buttons is-horizontal is-content-justification-center is-layout-flex wp-container-core-buttons-is-layout-499968f5 wp-block-buttons-is-layout-flex\">\n<div class=\"wp-block-button has-custom-width wp-block-button__width-25 has-custom-font-size has-medium-font-size\"><a class=\"wp-block-button__link has-theme-palette-9-background-color has-text-color has-background wp-element-button\" style=\"border-width:5px;border-radius:15px;color:#6e4040;padding-top:var(--wp--preset--spacing--40);padding-right:var(--wp--preset--spacing--20);padding-bottom:var(--wp--preset--spacing--40);padding-left:var(--wp--preset--spacing--20)\">Contactanos<\/a><\/div>\n<\/div>\n<\/div><\/div>\n\n\n\n<figure class=\"wp-block-embed is-type-video is-provider-youtube wp-block-embed-youtube wp-embed-aspect-16-9 wp-has-aspect-ratio\"><div class=\"wp-block-embed__wrapper\">\n<iframe loading=\"lazy\" title=\"Tortuga la\u00fad - la tortuga mas grande del mundo | Datos curiosos de animales\" width=\"720\" height=\"405\" src=\"https:\/\/www.youtube.com\/embed\/91NXw-il9aU?feature=oembed\" frameborder=\"0\" allow=\"accelerometer; autoplay; clipboard-write; encrypted-media; gyroscope; picture-in-picture; web-share\" referrerpolicy=\"strict-origin-when-cross-origin\" allowfullscreen><\/iframe>\n<\/div><figcaption class=\"wp-element-caption\">Tortuga la\u00fad &#8211; la tortuga mas grande del mundo | Datos curiosos de animales<\/figcaption><\/figure>\n\n\n\n<blockquote class=\"wp-block-quote is-layout-flow wp-block-quote-is-layout-flow\">\n<p class=\"has-text-color has-link-color has-large-font-size wp-elements-88a8d3a2b8a18ee36726f7f0064d4080\" style=\"color:#6e4040;margin-top:0;margin-right:var(--wp--preset--spacing--80);margin-bottom:0;margin-left:var(--wp--preset--spacing--80)\"><em>&#8220;Probablemente la Tortuga Gofina es la menos peligra, y aun asi se le cuida incluso con el Ejercito Nacional&#8221;<\/em><\/p>\n<cite>Checko Perez<\/cite><\/blockquote>\n\n\n\n<div class=\"wp-block-group\"><div class=\"wp-block-group__inner-container is-layout-constrained wp-block-group-is-layout-constrained\">\n<div class=\"wp-block-buttons is-layout-flex wp-block-buttons-is-layout-flex\">\n<div class=\"wp-block-button has-custom-width wp-block-button__width-25\"><a class=\"wp-block-button__link has-theme-palette-9-color has-text-color has-link-color wp-element-button\" style=\"padding-top:var(--wp--preset--spacing--20);padding-right:var(--wp--preset--spacing--20);padding-bottom:var(--wp--preset--spacing--20);padding-left:var(--wp--preset--spacing--20)\">Mas informaci\u00f3n aqu\u00ed<\/a><\/div>\n<\/div>\n<\/div><\/div>\n\n\n\n<h2 class=\"wp-block-heading has-text-color has-link-color wp-elements-ce3e2ba2568da2bc11477bd63f0a7e6a\" id=\"anchor_0\" style=\"color:#6e4040\">Clasificaci\u00f3n de las tortugas marinas<\/h2>\n\n\n\n<p class=\"has-text-color has-link-color wp-elements-ea7f9fe09bc38cf7be47d8daa40cf5a4\" style=\"color:#646d59\">Las tortugas son vertebrados tetr\u00e1podos de la&nbsp;<strong>clase Reptilia<\/strong>, como las serpientes, los lagartos o las aves. Dentro de los reptiles, las tortugas forman el&nbsp;<strong>orden Testudines<\/strong>&nbsp;que se caracteriza, sobre todo, por un caparaz\u00f3n \u00f3seo que protege sus \u00f3rganos internos.<\/p>\n\n\n\n<p class=\"has-text-color has-link-color wp-elements-4a5446591ecded68d0185fbecf0bffbc\" style=\"color:#646d59\">Hace m\u00e1s de 100 000 a\u00f1os, algunas tortugas terrestres se adaptaron a vivir en el mar. Fueron los ancestros de la&nbsp;<strong>superfamilia Chelonioidea<\/strong>: las actuales tortugas marinas. Hoy d\u00eda, tan solo existen 7 especies de tortugas marinas que pertenecen a 2 familias: los quel\u00f3nidos y los dermoqu\u00e9lidos.<\/p>\n\n\n\n<p class=\"has-text-color has-link-color wp-elements-4e6fa2d936463252acb27c5f3c040385\" style=\"color:#646d59\">Los&nbsp;<strong>quel\u00f3nidos (Cheloniidae)<\/strong>&nbsp;presentan un caparaz\u00f3n formado por placas \u00f3seas. En este grupo encontramos 6 especies:<\/p>\n\n\n\n<ul class=\"wp-block-list\">\n<li style=\"font-style:normal;font-weight:100\">Tortuga boba (<em>Caretta caretta<\/em>)<\/li>\n\n\n\n<li style=\"font-style:normal;font-weight:100\">Tortuga verde (<em>Chelonia mydas<\/em>)<\/li>\n\n\n\n<li style=\"font-style:normal;font-weight:100\">Tortuga carey (<em>Eretmochelys imbricata<\/em>)<\/li>\n\n\n\n<li style=\"font-style:normal;font-weight:100\">Tortuga lora o bastarda (Lepidochelys kempii)<\/li>\n\n\n\n<li style=\"font-style:normal;font-weight:100\">Tortuga oliv\u00e1cea (<em>Lepidochelys olivacea<\/em>)<\/li>\n\n\n\n<li style=\"font-style:normal;font-weight:100\">Tortuga plana (<em>Natator depressus<\/em>)<\/li>\n<\/ul>\n\n\n\n<p class=\"has-text-color has-link-color wp-elements-c6f58c0d32d7f0e6cda6454390394401\" style=\"color:#646d59\">Por su parte, los&nbsp;<strong>dermoqu\u00e9lidos (Dermochelyidae)<\/strong>&nbsp;tienen un caparaz\u00f3n formado por piel dura. Solo cuenta con un representante:<\/p>\n\n\n\n<ul class=\"wp-block-list\">\n<li style=\"font-style:normal;font-weight:100\">Tortuga la\u00fad (<em>Dermochelys coriacea<\/em>)<\/li>\n<\/ul>\n\n\n\n<hr class=\"wp-block-separator has-css-opacity is-style-dots\"\/>\n\n\n<div class=\"wp-block-image is-style-rounded\">\n<figure class=\"aligncenter size-large is-resized\"><img decoding=\"async\" src=\"https:\/\/s.w.org\/images\/core\/5.8\/portrait.jpg\" alt=\"A side profile of a woman in a russet-coloured turtleneck and white bag. She looks up with her eyes closed.\" style=\"width:124px;height:auto\"\/><\/figure>\n<\/div>\n\n\n<blockquote class=\"wp-block-quote has-text-align-center is-style-large is-layout-flow wp-block-quote-is-layout-flow\">\n<p class=\"has-text-color has-link-color wp-elements-49481f137ffd2379287ea62ba4b8fa25\" style=\"color:#646d59\">&#8220;Contributing makes me feel like I&#8217;m being useful to the planet.&#8221;<\/p>\n<cite>\u2014 Anna Wong, <em>Volunteer<\/em><\/cite><\/blockquote>\n\n\n\n<hr class=\"wp-block-separator has-css-opacity is-style-dots\" style=\"margin-top:0;margin-bottom:0\"\/>\n\n\n\n<div class=\"wp-block-group alignfull has-text-color is-vertical is-content-justification-center is-nowrap is-layout-flex wp-container-core-group-is-layout-9a429048 wp-block-group-is-layout-flex\" style=\"color:#6e4040;min-height:40vh;margin-top:0;margin-bottom:0;padding-top:var(--wp--preset--spacing--60);padding-right:var(--wp--preset--spacing--50);padding-bottom:var(--wp--preset--spacing--60);padding-left:var(--wp--preset--spacing--50)\"><div style=\"margin-bottom:6px;\" class=\"is-default-size aligncenter wp-block-site-logo\"><a href=\"https:\/\/jrodriguez.vccdigitalmedia.ca\/gutenberg\/\" class=\"custom-logo-link\" rel=\"home\"><img loading=\"lazy\" decoding=\"async\" width=\"500\" height=\"500\" src=\"https:\/\/jrodriguez.vccdigitalmedia.ca\/gutenberg\/wp-content\/uploads\/2024\/05\/cropped-SEA_TURTLE.png\" class=\"custom-logo\" alt=\"Tortuga Mariana (Gutenberg practice)\" srcset=\"https:\/\/jrodriguez.vccdigitalmedia.ca\/gutenberg\/wp-content\/uploads\/2024\/05\/cropped-SEA_TURTLE.png 500w, https:\/\/jrodriguez.vccdigitalmedia.ca\/gutenberg\/wp-content\/uploads\/2024\/05\/cropped-SEA_TURTLE-300x300.png 300w, https:\/\/jrodriguez.vccdigitalmedia.ca\/gutenberg\/wp-content\/uploads\/2024\/05\/cropped-SEA_TURTLE-150x150.png 150w\" sizes=\"auto, (max-width: 500px) 100vw, 500px\" \/><\/a><\/div>\n\n\n<p class=\"has-text-align-center has-medium-font-size\">Proudly powered by <a href=\"https:\/\/wordpress.org\">WordPress<\/a><\/p>\n\n\n\n<ul class=\"wp-block-social-links has-normal-icon-size is-style-logos-only is-nowrap is-layout-flex wp-container-core-social-links-is-layout-53bee8aa wp-block-social-links-is-layout-flex\"><li class=\"wp-social-link wp-social-link-facebook  wp-block-social-link\"><a href=\"#\" class=\"wp-block-social-link-anchor\"><svg width=\"24\" height=\"24\" viewBox=\"0 0 24 24\" version=\"1.1\" xmlns=\"http:\/\/www.w3.org\/2000\/svg\" aria-hidden=\"true\" focusable=\"false\"><path d=\"M12 2C6.5 2 2 6.5 2 12c0 5 3.7 9.1 8.4 9.9v-7H7.9V12h2.5V9.8c0-2.5 1.5-3.9 3.8-3.9 1.1 0 2.2.2 2.2.2v2.5h-1.3c-1.2 0-1.6.8-1.6 1.6V12h2.8l-.4 2.9h-2.3v7C18.3 21.1 22 17 22 12c0-5.5-4.5-10-10-10z\"><\/path><\/svg><span class=\"wp-block-social-link-label screen-reader-text\">Facebook<\/span><\/a><\/li>\n\n<li class=\"wp-social-link wp-social-link-twitter  wp-block-social-link\"><a href=\"#\" class=\"wp-block-social-link-anchor\"><svg width=\"24\" height=\"24\" viewBox=\"0 0 24 24\" version=\"1.1\" xmlns=\"http:\/\/www.w3.org\/2000\/svg\" aria-hidden=\"true\" focusable=\"false\"><path d=\"M22.23,5.924c-0.736,0.326-1.527,0.547-2.357,0.646c0.847-0.508,1.498-1.312,1.804-2.27 c-0.793,0.47-1.671,0.812-2.606,0.996C18.324,4.498,17.257,4,16.077,4c-2.266,0-4.103,1.837-4.103,4.103 c0,0.322,0.036,0.635,0.106,0.935C8.67,8.867,5.647,7.234,3.623,4.751C3.27,5.357,3.067,6.062,3.067,6.814 c0,1.424,0.724,2.679,1.825,3.415c-0.673-0.021-1.305-0.206-1.859-0.513c0,0.017,0,0.034,0,0.052c0,1.988,1.414,3.647,3.292,4.023 c-0.344,0.094-0.707,0.144-1.081,0.144c-0.264,0-0.521-0.026-0.772-0.074c0.522,1.63,2.038,2.816,3.833,2.85 c-1.404,1.1-3.174,1.756-5.096,1.756c-0.331,0-0.658-0.019-0.979-0.057c1.816,1.164,3.973,1.843,6.29,1.843 c7.547,0,11.675-6.252,11.675-11.675c0-0.178-0.004-0.355-0.012-0.531C20.985,7.47,21.68,6.747,22.23,5.924z\"><\/path><\/svg><span class=\"wp-block-social-link-label screen-reader-text\">Twitter<\/span><\/a><\/li>\n\n<li class=\"wp-social-link wp-social-link-wordpress  wp-block-social-link\"><a href=\"#\" class=\"wp-block-social-link-anchor\"><svg width=\"24\" height=\"24\" viewBox=\"0 0 24 24\" version=\"1.1\" xmlns=\"http:\/\/www.w3.org\/2000\/svg\" aria-hidden=\"true\" focusable=\"false\"><path d=\"M12.158,12.786L9.46,20.625c0.806,0.237,1.657,0.366,2.54,0.366c1.047,0,2.051-0.181,2.986-0.51 c-0.024-0.038-0.046-0.079-0.065-0.124L12.158,12.786z M3.009,12c0,3.559,2.068,6.634,5.067,8.092L3.788,8.341 C3.289,9.459,3.009,10.696,3.009,12z M18.069,11.546c0-1.112-0.399-1.881-0.741-2.48c-0.456-0.741-0.883-1.368-0.883-2.109 c0-0.826,0.627-1.596,1.51-1.596c0.04,0,0.078,0.005,0.116,0.007C16.472,3.904,14.34,3.009,12,3.009 c-3.141,0-5.904,1.612-7.512,4.052c0.211,0.007,0.41,0.011,0.579,0.011c0.94,0,2.396-0.114,2.396-0.114 C7.947,6.93,8.004,7.642,7.52,7.699c0,0-0.487,0.057-1.029,0.085l3.274,9.739l1.968-5.901l-1.401-3.838 C9.848,7.756,9.389,7.699,9.389,7.699C8.904,7.67,8.961,6.93,9.446,6.958c0,0,1.484,0.114,2.368,0.114 c0.94,0,2.397-0.114,2.397-0.114c0.485-0.028,0.542,0.684,0.057,0.741c0,0-0.488,0.057-1.029,0.085l3.249,9.665l0.897-2.996 C17.841,13.284,18.069,12.316,18.069,11.546z M19.889,7.686c0.039,0.286,0.06,0.593,0.06,0.924c0,0.912-0.171,1.938-0.684,3.22 l-2.746,7.94c2.673-1.558,4.47-4.454,4.47-7.771C20.991,10.436,20.591,8.967,19.889,7.686z M12,22C6.486,22,2,17.514,2,12 C2,6.486,6.486,2,12,2c5.514,0,10,4.486,10,10C22,17.514,17.514,22,12,22z\"><\/path><\/svg><span class=\"wp-block-social-link-label screen-reader-text\">WordPress<\/span><\/a><\/li><\/ul>\n<\/div>\n","protected":false},"excerpt":{"rendered":"<p>&#8220;Proteger a las especies en peligro de extinci\u00f3n habr\u00e1 de posicionarnos como la especie m\u00e1s inteligente, de no ser as\u00ed podremos sucumbir ante los embates de la naturaleza misma&#8221; Jose Hernandez Las&nbsp;tortugas marinas&nbsp;(superfamilia Chelonoidea) existen desde hace unos 100 000 a\u00f1os. Estos curiosos animales son reptiles de gran tama\u00f1o que se adaptaron a la vida&#8230;<\/p>\n","protected":false},"author":1,"featured_media":0,"parent":0,"menu_order":0,"comment_status":"open","ping_status":"open","template":"","meta":{"_kadence_starter_templates_imported_post":false,"_kad_post_transparent":"","_kad_post_title":"","_kad_post_layout":"","_kad_post_sidebar_id":"","_kad_post_content_style":"","_kad_post_vertical_padding":"","_kad_post_feature":"","_kad_post_feature_position":"","_kad_post_header":true,"_kad_post_footer":true,"footnotes":""},"class_list":["post-2","page","type-page","status-publish","hentry"],"_links":{"self":[{"href":"https:\/\/jrodriguez.vccdigitalmedia.ca\/gutenberg\/wp-json\/wp\/v2\/pages\/2","targetHints":{"allow":["GET"]}}],"collection":[{"href":"https:\/\/jrodriguez.vccdigitalmedia.ca\/gutenberg\/wp-json\/wp\/v2\/pages"}],"about":[{"href":"https:\/\/jrodriguez.vccdigitalmedia.ca\/gutenberg\/wp-json\/wp\/v2\/types\/page"}],"author":[{"embeddable":true,"href":"https:\/\/jrodriguez.vccdigitalmedia.ca\/gutenberg\/wp-json\/wp\/v2\/users\/1"}],"replies":[{"embeddable":true,"href":"https:\/\/jrodriguez.vccdigitalmedia.ca\/gutenberg\/wp-json\/wp\/v2\/comments?post=2"}],"version-history":[{"count":17,"href":"https:\/\/jrodriguez.vccdigitalmedia.ca\/gutenberg\/wp-json\/wp\/v2\/pages\/2\/revisions"}],"predecessor-version":[{"id":50,"href":"https:\/\/jrodriguez.vccdigitalmedia.ca\/gutenberg\/wp-json\/wp\/v2\/pages\/2\/revisions\/50"}],"wp:attachment":[{"href":"https:\/\/jrodriguez.vccdigitalmedia.ca\/gutenberg\/wp-json\/wp\/v2\/media?parent=2"}],"curies":[{"name":"wp","href":"https:\/\/api.w.org\/{rel}","templated":true}]}}